{"id":1639,"date":"2023-07-06T22:51:03","date_gmt":"2023-07-07T01:51:03","guid":{"rendered":"https:\/\/www.aciriopardo.com.br\/deliciasdesanze\/?page_id=1639"},"modified":"2023-07-07T08:27:38","modified_gmt":"2023-07-07T11:27:38","slug":"termos-de-uso","status":"publish","type":"page","link":"https:\/\/www.aciriopardo.com.br\/deliciasdesanze\/termos-de-uso\/","title":{"rendered":"Termos de uso"},"content":{"rendered":"\t\t<div data-elementor-type=\"wp-page\" data-elementor-id=\"1639\" class=\"elementor elementor-1639\" data-elementor-post-type=\"page\">\n\t\t\t\t\t\t<section class=\"elementor-section elementor-top-section elementor-element elementor-element-6063d2ad elementor-section-boxed elementor-section-height-default elementor-section-height-default\" data-id=\"6063d2ad\" data-element_type=\"section\" data-e-type=\"section\">\n\t\t\t\t\t\t<div class=\"elementor-container elementor-column-gap-default\">\n\t\t\t\t\t<div class=\"elementor-column elementor-col-100 elementor-top-column elementor-element elementor-element-5f705417\" data-id=\"5f705417\" data-element_type=\"column\" data-e-type=\"column\">\n\t\t\t<div class=\"elementor-widget-wrap elementor-element-populated\">\n\t\t\t\t\t\t<div class=\"elementor-element elementor-element-3cbe7ef6 elementor-widget elementor-widget-text-editor\" data-id=\"3cbe7ef6\" data-element_type=\"widget\" data-e-type=\"widget\" data-widget_type=\"text-editor.default\">\n\t\t\t\t<div class=\"elementor-widget-container\">\n\t\t\t\t\t\t\t\t\t<p>1- Termos<\/p><p>Ao acessar nosso site, voc\u00ea concorda em cumprir estes termos de servi\u00e7o, todas as leis e regulamentos aplic\u00e1veis, e reconhece que \u00e9 respons\u00e1vel por cumprir todas as leis locais aplic\u00e1veis. Se voc\u00ea n\u00e3o concordar com algum desses termos, est\u00e1 proibido de usar ou acessar este site. Os materiais contidos neste site s\u00e3o protegidos pelas leis de direitos autorais e marcas comerciais aplic\u00e1veis.<\/p><p>2 \u2013 Uso de Licen\u00e7a<\/p><p>\u00c9 concedida permiss\u00e3o para baixar temporariamente uma c\u00f3pia dos materiais (informa\u00e7\u00f5es ou software) no site apenas para visualiza\u00e7\u00e3o transit\u00f3ria pessoal e n\u00e3o comercial. Isso constitui a concess\u00e3o de uma licen\u00e7a e n\u00e3o uma transfer\u00eancia de t\u00edtulo. Sob esta licen\u00e7a, voc\u00ea concorda em n\u00e3o:<\/p><ul><li>Modificar ou copiar os materiais;<\/li><li>Usar os materiais para qualquer finalidade comercial ou para exibi\u00e7\u00e3o p\u00fablica (comercial ou n\u00e3o comercial);<\/li><li>Tentar descompilar ou fazer engenharia reversa de qualquer software contido no site;<\/li><li>Remover quaisquer direitos autorais ou outras nota\u00e7\u00f5es de propriedade dos materiais; ou<\/li><li>Transferir os materiais para outra pessoa ou \u201cespelhar\u201d os materiais em qualquer outro servidor.<\/li><\/ul><p>Esta licen\u00e7a ser\u00e1 automaticamente rescindida se voc\u00ea violar alguma dessas restri\u00e7\u00f5es e poder\u00e1 ser rescindida por n\u00f3s a qualquer momento. Ao encerrar a visualiza\u00e7\u00e3o desses materiais ou ap\u00f3s o t\u00e9rmino desta licen\u00e7a, voc\u00ea deve apagar todos os materiais baixados em sua posse, seja em formato eletr\u00f4nico ou impresso.<\/p><p>3 \u2013 Isen\u00e7\u00e3o de Responsabilidade<\/p><p>Os materiais neste site s\u00e3o fornecidos \u201ccomo est\u00e3o\u201d. N\u00e3o oferecemos garantias, expressas ou impl\u00edcitas, e por este meio, isentamos e negamos todas as outras garantias, incluindo, sem limita\u00e7\u00e3o, garantias impl\u00edcitas ou condi\u00e7\u00f5es de comercializa\u00e7\u00e3o, adequa\u00e7\u00e3o a um fim espec\u00edfico ou n\u00e3o viola\u00e7\u00e3o de propriedade intelectual ou outra viola\u00e7\u00e3o de direitos.<\/p><p>Al\u00e9m disso, n\u00e3o garantimos ou fazemos qualquer representa\u00e7\u00e3o relativa \u00e0 precis\u00e3o, aos resultados prov\u00e1veis ou \u00e0 confiabilidade do uso dos materiais em nosso site ou de outra forma relacionado a esses materiais ou em sites vinculados a este site.<\/p><p>4 \u2013 Limita\u00e7\u00f5es<\/p><p>Em nenhum caso seremos respons\u00e1veis por quaisquer danos (incluindo, sem limita\u00e7\u00e3o, danos por perda de dados ou lucro, ou devido a interrup\u00e7\u00e3o dos neg\u00f3cios) decorrentes do uso ou da incapacidade de usar os materiais, mesmo que tenhamos sido notificados oralmente ou por escrito da possibilidade de tais danos. Como algumas jurisdi\u00e7\u00f5es n\u00e3o permitem limita\u00e7\u00f5es em garantias impl\u00edcitas ou limita\u00e7\u00f5es de responsabilidade por danos consequenciais ou incidentais, essas limita\u00e7\u00f5es podem n\u00e3o se aplicar a voc\u00ea.<\/p><p>5 \u2013 Precis\u00e3o dos Materiais<\/p><p>Os materiais exibidos em nosso site podem incluir erros t\u00e9cnicos, tipogr\u00e1ficos ou fotogr\u00e1ficos. N\u00e3o garantimos que qualquer material em nosso site seja preciso, completo ou atual. Podemos fazer altera\u00e7\u00f5es nos materiais contidos em nosso site a qualquer momento, sem aviso pr\u00e9vio. No entanto, n\u00e3o nos comprometemos a atualizar os materiais.<\/p><p>6 \u2013 Links<\/p><p>N\u00e3o analisamos todos os sites vinculados ao nosso site e n\u00e3o somos respons\u00e1veis pelo conte\u00fado de qualquer site vinculado. A inclus\u00e3o de qualquer link n\u00e3o implica endosso. O uso de qualquer site vinculado \u00e9 por conta e risco do usu\u00e1rio.<\/p><p>7 \u2013 Modifica\u00e7\u00f5es<\/p><p>Podemos revisar estes termos de servi\u00e7o do site a qualquer momento, sem aviso pr\u00e9vio. Ao usar este site, voc\u00ea concorda em ficar vinculado \u00e0 vers\u00e3o atual desses termos de servi\u00e7o.<\/p><p>8 \u2013 Lei Aplic\u00e1vel<\/p><p>Estes termos e condi\u00e7\u00f5es s\u00e3o regidos e interpretados de acordo com as leis do pa\u00eds ou estado em que operamos, e voc\u00ea se submete irrevogavelmente \u00e0 jurisdi\u00e7\u00e3o exclusiva dos tribunais naquele pa\u00eds ou estado.<\/p>\t\t\t\t\t\t\t\t<\/div>\n\t\t\t\t<\/div>\n\t\t\t\t\t<\/div>\n\t\t<\/div>\n\t\t\t\t\t<\/div>\n\t\t<\/section>\n\t\t\t\t<\/div>\n\t\t","protected":false},"excerpt":{"rendered":"<p>1- Termos Ao acessar nosso site, voc\u00ea concorda em cumprir estes termos de servi\u00e7o, todas as leis e regulamentos aplic\u00e1veis, e reconhece que \u00e9 respons\u00e1vel por cumprir todas as leis locais aplic\u00e1veis. Se voc\u00ea n\u00e3o concordar com algum desses termos, est\u00e1 proibido de usar ou acessar este site. Os materiais contidos neste site s\u00e3o protegidos [&hellip;]<\/p>\n","protected":false},"author":1,"featured_media":0,"parent":0,"menu_order":0,"comment_status":"closed","ping_status":"closed","template":"","meta":{"site-sidebar-layout":"default","site-content-layout":"","ast-site-content-layout":"default","site-content-style":"default","site-sidebar-style":"default","ast-global-header-display":"","ast-banner-title-visibility":"","ast-main-header-display":"","ast-hfb-above-header-display":"","ast-hfb-below-header-display":"","ast-hfb-mobile-header-display":"","site-post-title":"","ast-breadcrumbs-content":"","ast-featured-img":"","footer-sml-layout":"","ast-disable-related-posts":"","theme-transparent-header-meta":"","adv-header-id-meta":"","stick-header-meta":"","header-above-stick-meta":"","header-main-stick-meta":"","header-below-stick-meta":"","astra-migrate-meta-layouts":"default","ast-page-background-enabled":"default","ast-page-background-meta":{"desktop":{"background-color":"","background-image":"","background-repeat":"repeat","background-position":"center center","background-size":"auto","background-attachment":"scroll","background-type":"","background-media":"","overlay-type":"","overlay-color":"","overlay-opacity":"","overlay-gradient":""},"tablet":{"background-color":"","background-image":"","background-repeat":"repeat","background-position":"center center","background-size":"auto","background-attachment":"scroll","background-type":"","background-media":"","overlay-type":"","overlay-color":"","overlay-opacity":"","overlay-gradient":""},"mobile":{"background-color":"","background-image":"","background-repeat":"repeat","background-position":"center center","background-size":"auto","background-attachment":"scroll","background-type":"","background-media":"","overlay-type":"","overlay-color":"","overlay-opacity":"","overlay-gradient":""}},"ast-content-background-meta":{"desktop":{"background-color":"var(--ast-global-color-5)","background-image":"","background-repeat":"repeat","background-position":"center center","background-size":"auto","background-attachment":"scroll","background-type":"","background-media":"","overlay-type":"","overlay-color":"","overlay-opacity":"","overlay-gradient":""},"tablet":{"background-color":"var(--ast-global-color-5)","background-image":"","background-repeat":"repeat","background-position":"center center","background-size":"auto","background-attachment":"scroll","background-type":"","background-media":"","overlay-type":"","overlay-color":"","overlay-opacity":"","overlay-gradient":""},"mobile":{"background-color":"var(--ast-global-color-5)","background-image":"","background-repeat":"repeat","background-position":"center center","background-size":"auto","background-attachment":"scroll","background-type":"","background-media":"","overlay-type":"","overlay-color":"","overlay-opacity":"","overlay-gradient":""}},"footnotes":""},"class_list":["post-1639","page","type-page","status-publish","hentry"],"yoast_head":"<!-- This site is optimized with the Yoast SEO plugin v27.3 - https:\/\/yoast.com\/product\/yoast-seo-wordpress\/ -->\n<title>Termos de uso - Del\u00edcias de Sanz\u00e9<\/title>\n<meta name=\"description\" content=\"Leia atentamente antes de usar nossos servi\u00e7os. Ao acess\u00e1-los, voc\u00ea concorda com nossos termos e condi\u00e7\u00f5es.\" \/>\n<meta name=\"robots\" content=\"index, follow, max-snippet:-1, max-image-preview:large, max-video-preview:-1\" \/>\n<link rel=\"canonical\" href=\"https:\/\/www.aciriopardo.com.br\/deliciasdesanze\/termos-de-uso\/\" \/>\n<meta property=\"og:locale\" content=\"pt_BR\" \/>\n<meta property=\"og:type\" content=\"article\" \/>\n<meta property=\"og:title\" content=\"Termos de uso - Del\u00edcias de Sanz\u00e9\" \/>\n<meta property=\"og:description\" content=\"Leia atentamente antes de usar nossos servi\u00e7os. Ao acess\u00e1-los, voc\u00ea concorda com nossos termos e condi\u00e7\u00f5es.\" \/>\n<meta property=\"og:url\" content=\"https:\/\/www.aciriopardo.com.br\/deliciasdesanze\/termos-de-uso\/\" \/>\n<meta property=\"og:site_name\" content=\"Del\u00edcias de Sanz\u00e9\" \/>\n<meta property=\"article:modified_time\" content=\"2023-07-07T11:27:38+00:00\" \/>\n<meta name=\"twitter:card\" content=\"summary_large_image\" \/>\n<meta name=\"twitter:label1\" content=\"Est. tempo de leitura\" \/>\n\t<meta name=\"twitter:data1\" content=\"4 minutos\" \/>\n<script type=\"application\/ld+json\" class=\"yoast-schema-graph\">{\"@context\":\"https:\\\/\\\/schema.org\",\"@graph\":[{\"@type\":\"WebPage\",\"@id\":\"https:\\\/\\\/www.aciriopardo.com.br\\\/deliciasdesanze\\\/termos-de-uso\\\/\",\"url\":\"https:\\\/\\\/www.aciriopardo.com.br\\\/deliciasdesanze\\\/termos-de-uso\\\/\",\"name\":\"Termos de uso - Del\u00edcias de Sanz\u00e9\",\"isPartOf\":{\"@id\":\"https:\\\/\\\/www.aciriopardo.com.br\\\/deliciasdesanze\\\/#website\"},\"datePublished\":\"2023-07-07T01:51:03+00:00\",\"dateModified\":\"2023-07-07T11:27:38+00:00\",\"description\":\"Leia atentamente antes de usar nossos servi\u00e7os. Ao acess\u00e1-los, voc\u00ea concorda com nossos termos e condi\u00e7\u00f5es.\",\"breadcrumb\":{\"@id\":\"https:\\\/\\\/www.aciriopardo.com.br\\\/deliciasdesanze\\\/termos-de-uso\\\/#breadcrumb\"},\"inLanguage\":\"pt-BR\",\"potentialAction\":[{\"@type\":\"ReadAction\",\"target\":[\"https:\\\/\\\/www.aciriopardo.com.br\\\/deliciasdesanze\\\/termos-de-uso\\\/\"]}]},{\"@type\":\"BreadcrumbList\",\"@id\":\"https:\\\/\\\/www.aciriopardo.com.br\\\/deliciasdesanze\\\/termos-de-uso\\\/#breadcrumb\",\"itemListElement\":[{\"@type\":\"ListItem\",\"position\":1,\"name\":\"In\u00edcio\",\"item\":\"https:\\\/\\\/www.aciriopardo.com.br\\\/deliciasdesanze\\\/\"},{\"@type\":\"ListItem\",\"position\":2,\"name\":\"Termos de uso\"}]},{\"@type\":\"WebSite\",\"@id\":\"https:\\\/\\\/www.aciriopardo.com.br\\\/deliciasdesanze\\\/#website\",\"url\":\"https:\\\/\\\/www.aciriopardo.com.br\\\/deliciasdesanze\\\/\",\"name\":\"Del\u00edcias de Sanz\u00e9\",\"description\":\"Descubra sabores aut\u00eanticos em S\u00e3o Jos\u00e9 do Rio Pardo. Festival Gastron\u00f4mico Del\u00edcias de Sanz\u00e9: pratos deliciosos, pre\u00e7os atrativos.\",\"publisher\":{\"@id\":\"https:\\\/\\\/www.aciriopardo.com.br\\\/deliciasdesanze\\\/#organization\"},\"potentialAction\":[{\"@type\":\"SearchAction\",\"target\":{\"@type\":\"EntryPoint\",\"urlTemplate\":\"https:\\\/\\\/www.aciriopardo.com.br\\\/deliciasdesanze\\\/?s={search_term_string}\"},\"query-input\":{\"@type\":\"PropertyValueSpecification\",\"valueRequired\":true,\"valueName\":\"search_term_string\"}}],\"inLanguage\":\"pt-BR\"},{\"@type\":\"Organization\",\"@id\":\"https:\\\/\\\/www.aciriopardo.com.br\\\/deliciasdesanze\\\/#organization\",\"name\":\"Del\u00edcias de Sanz\u00e9\",\"url\":\"https:\\\/\\\/www.aciriopardo.com.br\\\/deliciasdesanze\\\/\",\"logo\":{\"@type\":\"ImageObject\",\"inLanguage\":\"pt-BR\",\"@id\":\"https:\\\/\\\/www.aciriopardo.com.br\\\/deliciasdesanze\\\/#\\\/schema\\\/logo\\\/image\\\/\",\"url\":\"https:\\\/\\\/www.aciriopardo.com.br\\\/deliciasdesanze\\\/wp-content\\\/uploads\\\/2023\\\/07\\\/logo.png\",\"contentUrl\":\"https:\\\/\\\/www.aciriopardo.com.br\\\/deliciasdesanze\\\/wp-content\\\/uploads\\\/2023\\\/07\\\/logo.png\",\"width\":1163,\"height\":1449,\"caption\":\"Del\u00edcias de Sanz\u00e9\"},\"image\":{\"@id\":\"https:\\\/\\\/www.aciriopardo.com.br\\\/deliciasdesanze\\\/#\\\/schema\\\/logo\\\/image\\\/\"}}]}<\/script>\n<!-- \/ Yoast SEO plugin. -->","yoast_head_json":{"title":"Termos de uso - Del\u00edcias de Sanz\u00e9","description":"Leia atentamente antes de usar nossos servi\u00e7os. Ao acess\u00e1-los, voc\u00ea concorda com nossos termos e condi\u00e7\u00f5es.","robots":{"index":"index","follow":"follow","max-snippet":"max-snippet:-1","max-image-preview":"max-image-preview:large","max-video-preview":"max-video-preview:-1"},"canonical":"https:\/\/www.aciriopardo.com.br\/deliciasdesanze\/termos-de-uso\/","og_locale":"pt_BR","og_type":"article","og_title":"Termos de uso - Del\u00edcias de Sanz\u00e9","og_description":"Leia atentamente antes de usar nossos servi\u00e7os. Ao acess\u00e1-los, voc\u00ea concorda com nossos termos e condi\u00e7\u00f5es.","og_url":"https:\/\/www.aciriopardo.com.br\/deliciasdesanze\/termos-de-uso\/","og_site_name":"Del\u00edcias de Sanz\u00e9","article_modified_time":"2023-07-07T11:27:38+00:00","twitter_card":"summary_large_image","twitter_misc":{"Est. tempo de leitura":"4 minutos"},"schema":{"@context":"https:\/\/schema.org","@graph":[{"@type":"WebPage","@id":"https:\/\/www.aciriopardo.com.br\/deliciasdesanze\/termos-de-uso\/","url":"https:\/\/www.aciriopardo.com.br\/deliciasdesanze\/termos-de-uso\/","name":"Termos de uso - Del\u00edcias de Sanz\u00e9","isPartOf":{"@id":"https:\/\/www.aciriopardo.com.br\/deliciasdesanze\/#website"},"datePublished":"2023-07-07T01:51:03+00:00","dateModified":"2023-07-07T11:27:38+00:00","description":"Leia atentamente antes de usar nossos servi\u00e7os. Ao acess\u00e1-los, voc\u00ea concorda com nossos termos e condi\u00e7\u00f5es.","breadcrumb":{"@id":"https:\/\/www.aciriopardo.com.br\/deliciasdesanze\/termos-de-uso\/#breadcrumb"},"inLanguage":"pt-BR","potentialAction":[{"@type":"ReadAction","target":["https:\/\/www.aciriopardo.com.br\/deliciasdesanze\/termos-de-uso\/"]}]},{"@type":"BreadcrumbList","@id":"https:\/\/www.aciriopardo.com.br\/deliciasdesanze\/termos-de-uso\/#breadcrumb","itemListElement":[{"@type":"ListItem","position":1,"name":"In\u00edcio","item":"https:\/\/www.aciriopardo.com.br\/deliciasdesanze\/"},{"@type":"ListItem","position":2,"name":"Termos de uso"}]},{"@type":"WebSite","@id":"https:\/\/www.aciriopardo.com.br\/deliciasdesanze\/#website","url":"https:\/\/www.aciriopardo.com.br\/deliciasdesanze\/","name":"Del\u00edcias de Sanz\u00e9","description":"Descubra sabores aut\u00eanticos em S\u00e3o Jos\u00e9 do Rio Pardo. Festival Gastron\u00f4mico Del\u00edcias de Sanz\u00e9: pratos deliciosos, pre\u00e7os atrativos.","publisher":{"@id":"https:\/\/www.aciriopardo.com.br\/deliciasdesanze\/#organization"},"potentialAction":[{"@type":"SearchAction","target":{"@type":"EntryPoint","urlTemplate":"https:\/\/www.aciriopardo.com.br\/deliciasdesanze\/?s={search_term_string}"},"query-input":{"@type":"PropertyValueSpecification","valueRequired":true,"valueName":"search_term_string"}}],"inLanguage":"pt-BR"},{"@type":"Organization","@id":"https:\/\/www.aciriopardo.com.br\/deliciasdesanze\/#organization","name":"Del\u00edcias de Sanz\u00e9","url":"https:\/\/www.aciriopardo.com.br\/deliciasdesanze\/","logo":{"@type":"ImageObject","inLanguage":"pt-BR","@id":"https:\/\/www.aciriopardo.com.br\/deliciasdesanze\/#\/schema\/logo\/image\/","url":"https:\/\/www.aciriopardo.com.br\/deliciasdesanze\/wp-content\/uploads\/2023\/07\/logo.png","contentUrl":"https:\/\/www.aciriopardo.com.br\/deliciasdesanze\/wp-content\/uploads\/2023\/07\/logo.png","width":1163,"height":1449,"caption":"Del\u00edcias de Sanz\u00e9"},"image":{"@id":"https:\/\/www.aciriopardo.com.br\/deliciasdesanze\/#\/schema\/logo\/image\/"}}]}},"_links":{"self":[{"href":"https:\/\/www.aciriopardo.com.br\/deliciasdesanze\/wp-json\/wp\/v2\/pages\/1639","targetHints":{"allow":["GET"]}}],"collection":[{"href":"https:\/\/www.aciriopardo.com.br\/deliciasdesanze\/wp-json\/wp\/v2\/pages"}],"about":[{"href":"https:\/\/www.aciriopardo.com.br\/deliciasdesanze\/wp-json\/wp\/v2\/types\/page"}],"author":[{"embeddable":true,"href":"https:\/\/www.aciriopardo.com.br\/deliciasdesanze\/wp-json\/wp\/v2\/users\/1"}],"replies":[{"embeddable":true,"href":"https:\/\/www.aciriopardo.com.br\/deliciasdesanze\/wp-json\/wp\/v2\/comments?post=1639"}],"version-history":[{"count":5,"href":"https:\/\/www.aciriopardo.com.br\/deliciasdesanze\/wp-json\/wp\/v2\/pages\/1639\/revisions"}],"predecessor-version":[{"id":1861,"href":"https:\/\/www.aciriopardo.com.br\/deliciasdesanze\/wp-json\/wp\/v2\/pages\/1639\/revisions\/1861"}],"wp:attachment":[{"href":"https:\/\/www.aciriopardo.com.br\/deliciasdesanze\/wp-json\/wp\/v2\/media?parent=1639"}],"curies":[{"name":"wp","href":"https:\/\/api.w.org\/{rel}","templated":true}]}}