{"id":3,"date":"2023-06-29T11:01:54","date_gmt":"2023-06-29T14:01:54","guid":{"rendered":"https:\/\/www.aciriopardo.com.br\/deliciasdesanze\/?page_id=3"},"modified":"2023-07-07T08:27:25","modified_gmt":"2023-07-07T11:27:25","slug":"politica-de-privacidade","status":"publish","type":"page","link":"https:\/\/www.aciriopardo.com.br\/deliciasdesanze\/politica-de-privacidade\/","title":{"rendered":"Pol\u00edtica de privacidade"},"content":{"rendered":"\t\t<div data-elementor-type=\"wp-page\" data-elementor-id=\"3\" class=\"elementor elementor-3\" data-elementor-post-type=\"page\">\n\t\t\t\t\t\t<section class=\"elementor-section elementor-top-section elementor-element elementor-element-6063d2ad elementor-section-boxed elementor-section-height-default elementor-section-height-default\" data-id=\"6063d2ad\" data-element_type=\"section\" data-e-type=\"section\">\n\t\t\t\t\t\t<div class=\"elementor-container elementor-column-gap-default\">\n\t\t\t\t\t<div class=\"elementor-column elementor-col-100 elementor-top-column elementor-element elementor-element-5f705417\" data-id=\"5f705417\" data-element_type=\"column\" data-e-type=\"column\">\n\t\t\t<div class=\"elementor-widget-wrap elementor-element-populated\">\n\t\t\t\t\t\t<div class=\"elementor-element elementor-element-3cbe7ef6 elementor-widget elementor-widget-text-editor\" data-id=\"3cbe7ef6\" data-element_type=\"widget\" data-e-type=\"widget\" data-widget_type=\"text-editor.default\">\n\t\t\t\t<div class=\"elementor-widget-container\">\n\t\t\t\t\t\t\t\t\t<p>Privacidade \u00e9 importante para n\u00f3s. Respeitamos sua privacidade em rela\u00e7\u00e3o a qualquer informa\u00e7\u00e3o que possamos coletar em nosso site e outros sites que possu\u00edmos e operamos.<\/p>\n<p>Coletamos informa\u00e7\u00f5es pessoais apenas quando necess\u00e1rio para fornecer nossos servi\u00e7os, de forma justa e legal, com seu conhecimento e consentimento. Explicamos por que coletamos as informa\u00e7\u00f5es e como ser\u00e3o utilizadas.<\/p>\n<p>Mantemos as informa\u00e7\u00f5es coletadas apenas pelo tempo necess\u00e1rio para fornecer o servi\u00e7o solicitado. Armazenamos os dados de forma segura para evitar perdas, roubos e acesso n\u00e3o autorizado.<\/p>\n<p>N\u00e3o compartilhamos informa\u00e7\u00f5es pessoais publicamente ou com terceiros, a menos que exigido por lei.<\/p>\n<p>Podemos ter links para sites externos, mas n\u00e3o temos controle sobre o conte\u00fado e pr\u00e1ticas desses sites, portanto, n\u00e3o somos respons\u00e1veis por suas pol\u00edticas de privacidade.<\/p>\n<p>Voc\u00ea tem o direito de recusar o fornecimento de suas informa\u00e7\u00f5es pessoais, mas isso pode limitar alguns dos servi\u00e7os que oferecemos.\u00a0<\/p>\n<p>Ao continuar usando nosso site, voc\u00ea aceita nossas pr\u00e1ticas de privacidade e uso de informa\u00e7\u00f5es pessoais. Se tiver d\u00favidas sobre como lidamos com seus dados ou informa\u00e7\u00f5es pessoais, entre em contato conosco atrav\u00e9s do formul\u00e1rio fornecido.\u00a0<\/p>\n<p>Lembre-se de que esta pol\u00edtica de privacidade pode ser alterada sem aviso pr\u00e9vio. Todas as modifica\u00e7\u00f5es t\u00eam efeito a partir do momento em que s\u00e3o disponibilizadas no site.\u00a0<\/p>\n<p><b>Pol\u00edtica de Cookies\u00a0<\/b><\/p>\n<p>Cookies s\u00e3o pequenos arquivos baixados em seu computador para melhorar sua experi\u00eancia em nosso site. Descrevemos abaixo quais informa\u00e7\u00f5es eles coletam, como as utilizamos e como voc\u00ea pode impedir o armazenamento desses cookies, embora isso possa afetar a funcionalidade do site.\u00a0<\/p>\n<p>Usamos cookies por diversos motivos, mas, na maioria dos casos, n\u00e3o \u00e9 poss\u00edvel desativ\u00e1-los sem comprometer a funcionalidade do site. \u00c9 recomendado deixar todos os cookies ativados, a menos que voc\u00ea tenha certeza de que n\u00e3o precisa deles para usar um servi\u00e7o espec\u00edfico.<\/p>\n<p>Voc\u00ea pode desativar os cookies ajustando as configura\u00e7\u00f5es do seu navegador, mas isso pode resultar na desativa\u00e7\u00e3o de algumas funcionalidades do site. Portanto, \u00e9 recomendado n\u00e3o desativar os cookies.<\/p>\n<p>Os cookies que definimos est\u00e3o relacionados a boletins por e-mail, pesquisas, formul\u00e1rios e prefer\u00eancias do site. Al\u00e9m disso, usamos cookies de terceiros, como o Google Analytics, para entender como voc\u00ea usa nosso site e melhorar sua experi\u00eancia.\u00a0<\/p>\n<p>Seu uso continuado do site ser\u00e1 considerado como aceita\u00e7\u00e3o de nossa pol\u00edtica de cookies.\u00a0<\/p>\n<p><b>Compromisso do Usu\u00e1rio<\/b><\/p>\n<p>Ao usar nosso site, comprometa-se a n\u00e3o se envolver em atividades ilegais, a n\u00e3o divulgar conte\u00fado prejudicial ou de natureza ofensiva, e a n\u00e3o causar danos aos sistemas do site ou de terceiros.\u00a0<\/p>\n<p><b>Direitos do titular de dados\u00a0<\/b><\/p>\n<p>Voc\u00ea tem o direito de solicitar informa\u00e7\u00f5es sobre seus dados pessoais a qualquer momento. Podemos avaliar e responder a essas solicita\u00e7\u00f5es de acordo com a legisla\u00e7\u00e3o aplic\u00e1vel. Se n\u00e3o desejar receber nossas comunica\u00e7\u00f5es de marketing, voc\u00ea pode cancelar a assinatura a qualquer momento, seguindo as instru\u00e7\u00f5es fornecidas em nossos e-mails.<\/p>\t\t\t\t\t\t\t\t<\/div>\n\t\t\t\t<\/div>\n\t\t\t\t\t<\/div>\n\t\t<\/div>\n\t\t\t\t\t<\/div>\n\t\t<\/section>\n\t\t\t\t<\/div>\n\t\t","protected":false},"excerpt":{"rendered":"<p>Privacidade \u00e9 importante para n\u00f3s. Respeitamos sua privacidade em rela\u00e7\u00e3o a qualquer informa\u00e7\u00e3o que possamos coletar em nosso site e outros sites que possu\u00edmos e operamos. Coletamos informa\u00e7\u00f5es pessoais apenas quando necess\u00e1rio para fornecer nossos servi\u00e7os, de forma justa e legal, com seu conhecimento e consentimento. Explicamos por que coletamos as informa\u00e7\u00f5es e como ser\u00e3o [&hellip;]<\/p>\n","protected":false},"author":1,"featured_media":0,"parent":0,"menu_order":0,"comment_status":"closed","ping_status":"closed","template":"","meta":{"site-sidebar-layout":"default","site-content-layout":"","ast-site-content-layout":"default","site-content-style":"default","site-sidebar-style":"default","ast-global-header-display":"","ast-banner-title-visibility":"","ast-main-header-display":"","ast-hfb-above-header-display":"","ast-hfb-below-header-display":"","ast-hfb-mobile-header-display":"","site-post-title":"","ast-breadcrumbs-content":"","ast-featured-img":"","footer-sml-layout":"","ast-disable-related-posts":"","theme-transparent-header-meta":"","adv-header-id-meta":"","stick-header-meta":"","header-above-stick-meta":"","header-main-stick-meta":"","header-below-stick-meta":"","astra-migrate-meta-layouts":"default","ast-page-background-enabled":"default","ast-page-background-meta":{"desktop":{"background-color":"","background-image":"","background-repeat":"repeat","background-position":"center center","background-size":"auto","background-attachment":"scroll","background-type":"","background-media":"","overlay-type":"","overlay-color":"","overlay-opacity":"","overlay-gradient":""},"tablet":{"background-color":"","background-image":"","background-repeat":"repeat","background-position":"center center","background-size":"auto","background-attachment":"scroll","background-type":"","background-media":"","overlay-type":"","overlay-color":"","overlay-opacity":"","overlay-gradient":""},"mobile":{"background-color":"","background-image":"","background-repeat":"repeat","background-position":"center center","background-size":"auto","background-attachment":"scroll","background-type":"","background-media":"","overlay-type":"","overlay-color":"","overlay-opacity":"","overlay-gradient":""}},"ast-content-background-meta":{"desktop":{"background-color":"var(--ast-global-color-5)","background-image":"","background-repeat":"repeat","background-position":"center center","background-size":"auto","background-attachment":"scroll","background-type":"","background-media":"","overlay-type":"","overlay-color":"","overlay-opacity":"","overlay-gradient":""},"tablet":{"background-color":"var(--ast-global-color-5)","background-image":"","background-repeat":"repeat","background-position":"center center","background-size":"auto","background-attachment":"scroll","background-type":"","background-media":"","overlay-type":"","overlay-color":"","overlay-opacity":"","overlay-gradient":""},"mobile":{"background-color":"var(--ast-global-color-5)","background-image":"","background-repeat":"repeat","background-position":"center center","background-size":"auto","background-attachment":"scroll","background-type":"","background-media":"","overlay-type":"","overlay-color":"","overlay-opacity":"","overlay-gradient":""}},"footnotes":""},"class_list":["post-3","page","type-page","status-publish","hentry"],"yoast_head":"<!-- This site is optimized with the Yoast SEO plugin v27.3 - https:\/\/yoast.com\/product\/yoast-seo-wordpress\/ -->\n<title>Pol\u00edtica de privacidade - Del\u00edcias de Sanz\u00e9<\/title>\n<meta name=\"description\" content=\"Protegemos seus dados durante a navega\u00e7\u00e3o. Saiba como usamos suas informa\u00e7\u00f5es em conformidade com as leis de privacidade.\" \/>\n<meta name=\"robots\" content=\"index, follow, max-snippet:-1, max-image-preview:large, max-video-preview:-1\" \/>\n<link rel=\"canonical\" href=\"https:\/\/www.aciriopardo.com.br\/deliciasdesanze\/politica-de-privacidade\/\" \/>\n<meta property=\"og:locale\" content=\"pt_BR\" \/>\n<meta property=\"og:type\" content=\"article\" \/>\n<meta property=\"og:title\" content=\"Pol\u00edtica de privacidade - Del\u00edcias de Sanz\u00e9\" \/>\n<meta property=\"og:description\" content=\"Protegemos seus dados durante a navega\u00e7\u00e3o. Saiba como usamos suas informa\u00e7\u00f5es em conformidade com as leis de privacidade.\" \/>\n<meta property=\"og:url\" content=\"https:\/\/www.aciriopardo.com.br\/deliciasdesanze\/politica-de-privacidade\/\" \/>\n<meta property=\"og:site_name\" content=\"Del\u00edcias de Sanz\u00e9\" \/>\n<meta property=\"article:modified_time\" content=\"2023-07-07T11:27:25+00:00\" \/>\n<meta name=\"twitter:card\" content=\"summary_large_image\" \/>\n<meta name=\"twitter:label1\" content=\"Est. tempo de leitura\" \/>\n\t<meta name=\"twitter:data1\" content=\"3 minutos\" \/>\n<script type=\"application\/ld+json\" class=\"yoast-schema-graph\">{\"@context\":\"https:\\\/\\\/schema.org\",\"@graph\":[{\"@type\":\"WebPage\",\"@id\":\"https:\\\/\\\/www.aciriopardo.com.br\\\/deliciasdesanze\\\/politica-de-privacidade\\\/\",\"url\":\"https:\\\/\\\/www.aciriopardo.com.br\\\/deliciasdesanze\\\/politica-de-privacidade\\\/\",\"name\":\"Pol\u00edtica de privacidade - Del\u00edcias de Sanz\u00e9\",\"isPartOf\":{\"@id\":\"https:\\\/\\\/www.aciriopardo.com.br\\\/deliciasdesanze\\\/#website\"},\"datePublished\":\"2023-06-29T14:01:54+00:00\",\"dateModified\":\"2023-07-07T11:27:25+00:00\",\"description\":\"Protegemos seus dados durante a navega\u00e7\u00e3o. Saiba como usamos suas informa\u00e7\u00f5es em conformidade com as leis de privacidade.\",\"breadcrumb\":{\"@id\":\"https:\\\/\\\/www.aciriopardo.com.br\\\/deliciasdesanze\\\/politica-de-privacidade\\\/#breadcrumb\"},\"inLanguage\":\"pt-BR\",\"potentialAction\":[{\"@type\":\"ReadAction\",\"target\":[\"https:\\\/\\\/www.aciriopardo.com.br\\\/deliciasdesanze\\\/politica-de-privacidade\\\/\"]}]},{\"@type\":\"BreadcrumbList\",\"@id\":\"https:\\\/\\\/www.aciriopardo.com.br\\\/deliciasdesanze\\\/politica-de-privacidade\\\/#breadcrumb\",\"itemListElement\":[{\"@type\":\"ListItem\",\"position\":1,\"name\":\"In\u00edcio\",\"item\":\"https:\\\/\\\/www.aciriopardo.com.br\\\/deliciasdesanze\\\/\"},{\"@type\":\"ListItem\",\"position\":2,\"name\":\"Pol\u00edtica de privacidade\"}]},{\"@type\":\"WebSite\",\"@id\":\"https:\\\/\\\/www.aciriopardo.com.br\\\/deliciasdesanze\\\/#website\",\"url\":\"https:\\\/\\\/www.aciriopardo.com.br\\\/deliciasdesanze\\\/\",\"name\":\"Del\u00edcias de Sanz\u00e9\",\"description\":\"Descubra sabores aut\u00eanticos em S\u00e3o Jos\u00e9 do Rio Pardo. Festival Gastron\u00f4mico Del\u00edcias de Sanz\u00e9: pratos deliciosos, pre\u00e7os atrativos.\",\"publisher\":{\"@id\":\"https:\\\/\\\/www.aciriopardo.com.br\\\/deliciasdesanze\\\/#organization\"},\"potentialAction\":[{\"@type\":\"SearchAction\",\"target\":{\"@type\":\"EntryPoint\",\"urlTemplate\":\"https:\\\/\\\/www.aciriopardo.com.br\\\/deliciasdesanze\\\/?s={search_term_string}\"},\"query-input\":{\"@type\":\"PropertyValueSpecification\",\"valueRequired\":true,\"valueName\":\"search_term_string\"}}],\"inLanguage\":\"pt-BR\"},{\"@type\":\"Organization\",\"@id\":\"https:\\\/\\\/www.aciriopardo.com.br\\\/deliciasdesanze\\\/#organization\",\"name\":\"Del\u00edcias de Sanz\u00e9\",\"url\":\"https:\\\/\\\/www.aciriopardo.com.br\\\/deliciasdesanze\\\/\",\"logo\":{\"@type\":\"ImageObject\",\"inLanguage\":\"pt-BR\",\"@id\":\"https:\\\/\\\/www.aciriopardo.com.br\\\/deliciasdesanze\\\/#\\\/schema\\\/logo\\\/image\\\/\",\"url\":\"https:\\\/\\\/www.aciriopardo.com.br\\\/deliciasdesanze\\\/wp-content\\\/uploads\\\/2023\\\/07\\\/logo.png\",\"contentUrl\":\"https:\\\/\\\/www.aciriopardo.com.br\\\/deliciasdesanze\\\/wp-content\\\/uploads\\\/2023\\\/07\\\/logo.png\",\"width\":1163,\"height\":1449,\"caption\":\"Del\u00edcias de Sanz\u00e9\"},\"image\":{\"@id\":\"https:\\\/\\\/www.aciriopardo.com.br\\\/deliciasdesanze\\\/#\\\/schema\\\/logo\\\/image\\\/\"}}]}<\/script>\n<!-- \/ Yoast SEO plugin. -->","yoast_head_json":{"title":"Pol\u00edtica de privacidade - Del\u00edcias de Sanz\u00e9","description":"Protegemos seus dados durante a navega\u00e7\u00e3o. Saiba como usamos suas informa\u00e7\u00f5es em conformidade com as leis de privacidade.","robots":{"index":"index","follow":"follow","max-snippet":"max-snippet:-1","max-image-preview":"max-image-preview:large","max-video-preview":"max-video-preview:-1"},"canonical":"https:\/\/www.aciriopardo.com.br\/deliciasdesanze\/politica-de-privacidade\/","og_locale":"pt_BR","og_type":"article","og_title":"Pol\u00edtica de privacidade - Del\u00edcias de Sanz\u00e9","og_description":"Protegemos seus dados durante a navega\u00e7\u00e3o. Saiba como usamos suas informa\u00e7\u00f5es em conformidade com as leis de privacidade.","og_url":"https:\/\/www.aciriopardo.com.br\/deliciasdesanze\/politica-de-privacidade\/","og_site_name":"Del\u00edcias de Sanz\u00e9","article_modified_time":"2023-07-07T11:27:25+00:00","twitter_card":"summary_large_image","twitter_misc":{"Est. tempo de leitura":"3 minutos"},"schema":{"@context":"https:\/\/schema.org","@graph":[{"@type":"WebPage","@id":"https:\/\/www.aciriopardo.com.br\/deliciasdesanze\/politica-de-privacidade\/","url":"https:\/\/www.aciriopardo.com.br\/deliciasdesanze\/politica-de-privacidade\/","name":"Pol\u00edtica de privacidade - Del\u00edcias de Sanz\u00e9","isPartOf":{"@id":"https:\/\/www.aciriopardo.com.br\/deliciasdesanze\/#website"},"datePublished":"2023-06-29T14:01:54+00:00","dateModified":"2023-07-07T11:27:25+00:00","description":"Protegemos seus dados durante a navega\u00e7\u00e3o. Saiba como usamos suas informa\u00e7\u00f5es em conformidade com as leis de privacidade.","breadcrumb":{"@id":"https:\/\/www.aciriopardo.com.br\/deliciasdesanze\/politica-de-privacidade\/#breadcrumb"},"inLanguage":"pt-BR","potentialAction":[{"@type":"ReadAction","target":["https:\/\/www.aciriopardo.com.br\/deliciasdesanze\/politica-de-privacidade\/"]}]},{"@type":"BreadcrumbList","@id":"https:\/\/www.aciriopardo.com.br\/deliciasdesanze\/politica-de-privacidade\/#breadcrumb","itemListElement":[{"@type":"ListItem","position":1,"name":"In\u00edcio","item":"https:\/\/www.aciriopardo.com.br\/deliciasdesanze\/"},{"@type":"ListItem","position":2,"name":"Pol\u00edtica de privacidade"}]},{"@type":"WebSite","@id":"https:\/\/www.aciriopardo.com.br\/deliciasdesanze\/#website","url":"https:\/\/www.aciriopardo.com.br\/deliciasdesanze\/","name":"Del\u00edcias de Sanz\u00e9","description":"Descubra sabores aut\u00eanticos em S\u00e3o Jos\u00e9 do Rio Pardo. Festival Gastron\u00f4mico Del\u00edcias de Sanz\u00e9: pratos deliciosos, pre\u00e7os atrativos.","publisher":{"@id":"https:\/\/www.aciriopardo.com.br\/deliciasdesanze\/#organization"},"potentialAction":[{"@type":"SearchAction","target":{"@type":"EntryPoint","urlTemplate":"https:\/\/www.aciriopardo.com.br\/deliciasdesanze\/?s={search_term_string}"},"query-input":{"@type":"PropertyValueSpecification","valueRequired":true,"valueName":"search_term_string"}}],"inLanguage":"pt-BR"},{"@type":"Organization","@id":"https:\/\/www.aciriopardo.com.br\/deliciasdesanze\/#organization","name":"Del\u00edcias de Sanz\u00e9","url":"https:\/\/www.aciriopardo.com.br\/deliciasdesanze\/","logo":{"@type":"ImageObject","inLanguage":"pt-BR","@id":"https:\/\/www.aciriopardo.com.br\/deliciasdesanze\/#\/schema\/logo\/image\/","url":"https:\/\/www.aciriopardo.com.br\/deliciasdesanze\/wp-content\/uploads\/2023\/07\/logo.png","contentUrl":"https:\/\/www.aciriopardo.com.br\/deliciasdesanze\/wp-content\/uploads\/2023\/07\/logo.png","width":1163,"height":1449,"caption":"Del\u00edcias de Sanz\u00e9"},"image":{"@id":"https:\/\/www.aciriopardo.com.br\/deliciasdesanze\/#\/schema\/logo\/image\/"}}]}},"_links":{"self":[{"href":"https:\/\/www.aciriopardo.com.br\/deliciasdesanze\/wp-json\/wp\/v2\/pages\/3","targetHints":{"allow":["GET"]}}],"collection":[{"href":"https:\/\/www.aciriopardo.com.br\/deliciasdesanze\/wp-json\/wp\/v2\/pages"}],"about":[{"href":"https:\/\/www.aciriopardo.com.br\/deliciasdesanze\/wp-json\/wp\/v2\/types\/page"}],"author":[{"embeddable":true,"href":"https:\/\/www.aciriopardo.com.br\/deliciasdesanze\/wp-json\/wp\/v2\/users\/1"}],"replies":[{"embeddable":true,"href":"https:\/\/www.aciriopardo.com.br\/deliciasdesanze\/wp-json\/wp\/v2\/comments?post=3"}],"version-history":[{"count":5,"href":"https:\/\/www.aciriopardo.com.br\/deliciasdesanze\/wp-json\/wp\/v2\/pages\/3\/revisions"}],"predecessor-version":[{"id":1860,"href":"https:\/\/www.aciriopardo.com.br\/deliciasdesanze\/wp-json\/wp\/v2\/pages\/3\/revisions\/1860"}],"wp:attachment":[{"href":"https:\/\/www.aciriopardo.com.br\/deliciasdesanze\/wp-json\/wp\/v2\/media?parent=3"}],"curies":[{"name":"wp","href":"https:\/\/api.w.org\/{rel}","templated":true}]}}