{"id":569,"date":"2018-10-01T13:10:05","date_gmt":"2018-10-01T16:10:05","guid":{"rendered":"https:\/\/www.aciriopardo.com.br\/deliciasdesanze\/index.php\/about-us\/"},"modified":"2023-07-06T23:11:10","modified_gmt":"2023-07-07T02:11:10","slug":"delicias-de-sanze","status":"publish","type":"page","link":"https:\/\/www.aciriopardo.com.br\/deliciasdesanze\/delicias-de-sanze\/","title":{"rendered":"Del\u00edcias de Sanz\u00e9"},"content":{"rendered":"\t\t<div data-elementor-type=\"wp-post\" data-elementor-id=\"569\" class=\"elementor elementor-569\" data-elementor-post-type=\"page\">\n\t\t\t\t\t\t<section class=\"elementor-section elementor-top-section elementor-element elementor-element-494f570a elementor-section-height-min-height elementor-section-content-middle elementor-section-boxed elementor-section-height-default elementor-section-items-middle\" data-id=\"494f570a\" data-element_type=\"section\" data-e-type=\"section\" data-settings=\"{&quot;background_background&quot;:&quot;classic&quot;,&quot;shape_divider_bottom&quot;:&quot;triangle&quot;}\">\n\t\t\t\t\t\t\t<div class=\"elementor-background-overlay\"><\/div>\n\t\t\t\t\t\t<div class=\"elementor-shape elementor-shape-bottom\" aria-hidden=\"true\" data-negative=\"false\">\n\t\t\t<svg xmlns=\"http:\/\/www.w3.org\/2000\/svg\" viewBox=\"0 0 1000 100\" preserveAspectRatio=\"none\">\n\t<path class=\"elementor-shape-fill\" d=\"M500,98.9L0,6.1V0h1000v6.1L500,98.9z\"\/>\n<\/svg>\t\t<\/div>\n\t\t\t\t\t<div class=\"elementor-container elementor-column-gap-extended\">\n\t\t\t\t\t<div class=\"elementor-column elementor-col-16 elementor-top-column elementor-element elementor-element-210c1c72\" data-id=\"210c1c72\" data-element_type=\"column\" data-e-type=\"column\">\n\t\t\t<div class=\"elementor-widget-wrap\">\n\t\t\t\t\t\t\t<\/div>\n\t\t<\/div>\n\t\t\t\t<div class=\"elementor-column elementor-col-66 elementor-top-column elementor-element elementor-element-7866b56d\" data-id=\"7866b56d\" data-element_type=\"column\" data-e-type=\"column\">\n\t\t\t<div class=\"elementor-widget-wrap elementor-element-populated\">\n\t\t\t\t\t\t<div class=\"elementor-element elementor-element-af74da5 titulo-slider elementor-invisible elementor-widget elementor-widget-heading\" data-id=\"af74da5\" data-element_type=\"widget\" data-e-type=\"widget\" data-settings=\"{&quot;_animation&quot;:&quot;fadeInUp&quot;,&quot;_animation_delay&quot;:200}\" data-widget_type=\"heading.default\">\n\t\t\t\t<div class=\"elementor-widget-container\">\n\t\t\t\t\t<h1 class=\"elementor-heading-title elementor-size-default\">Del\u00edcias <br \/><span>de<\/span> Sanz\u00e9<\/h1>\t\t\t\t<\/div>\n\t\t\t\t<\/div>\n\t\t\t\t<div class=\"elementor-element elementor-element-7a9095d elementor-hidden-phone elementor-invisible elementor-widget elementor-widget-text-editor\" data-id=\"7a9095d\" data-element_type=\"widget\" data-e-type=\"widget\" data-settings=\"{&quot;_animation&quot;:&quot;fadeInUp&quot;,&quot;_animation_delay&quot;:400}\" data-widget_type=\"text-editor.default\">\n\t\t\t\t<div class=\"elementor-widget-container\">\n\t\t\t\t\t\t\t\t\tDescubra a ess\u00eancia dos sabores locais no Festival Gastron\u00f4mico Del\u00edcias de Sanz\u00e9.\t\t\t\t\t\t\t\t<\/div>\n\t\t\t\t<\/div>\n\t\t\t\t\t<\/div>\n\t\t<\/div>\n\t\t\t\t<div class=\"elementor-column elementor-col-16 elementor-top-column elementor-element elementor-element-5dd45d67\" data-id=\"5dd45d67\" data-element_type=\"column\" data-e-type=\"column\">\n\t\t\t<div class=\"elementor-widget-wrap\">\n\t\t\t\t\t\t\t<\/div>\n\t\t<\/div>\n\t\t\t\t\t<\/div>\n\t\t<\/section>\n\t\t\t\t<section class=\"elementor-section elementor-top-section elementor-element elementor-element-438be5a1 elementor-section-boxed elementor-section-height-default elementor-section-height-default\" data-id=\"438be5a1\" data-element_type=\"section\" data-e-type=\"section\" data-settings=\"{&quot;background_background&quot;:&quot;gradient&quot;}\">\n\t\t\t\t\t\t<div class=\"elementor-container elementor-column-gap-no\">\n\t\t\t\t\t<div class=\"elementor-column elementor-col-100 elementor-top-column elementor-element elementor-element-7d758eb\" data-id=\"7d758eb\" data-element_type=\"column\" data-e-type=\"column\">\n\t\t\t<div class=\"elementor-widget-wrap elementor-element-populated\">\n\t\t\t\t\t\t<section class=\"elementor-section elementor-inner-section elementor-element elementor-element-8cb8660 elementor-section-content-middle elementor-section-boxed elementor-section-height-default elementor-section-height-default\" data-id=\"8cb8660\" data-element_type=\"section\" data-e-type=\"section\">\n\t\t\t\t\t\t<div class=\"elementor-container elementor-column-gap-default\">\n\t\t\t\t\t<div class=\"elementor-column elementor-col-25 elementor-inner-column elementor-element elementor-element-4cf65221\" data-id=\"4cf65221\" data-element_type=\"column\" data-e-type=\"column\">\n\t\t\t<div class=\"elementor-widget-wrap\">\n\t\t\t\t\t\t\t<\/div>\n\t\t<\/div>\n\t\t\t\t<div class=\"elementor-column elementor-col-50 elementor-inner-column elementor-element elementor-element-165d7335\" data-id=\"165d7335\" data-element_type=\"column\" data-e-type=\"column\">\n\t\t\t<div class=\"elementor-widget-wrap elementor-element-populated\">\n\t\t\t\t\t\t<div class=\"elementor-element elementor-element-6b73202e elementor-invisible elementor-widget elementor-widget-heading\" data-id=\"6b73202e\" data-element_type=\"widget\" data-e-type=\"widget\" data-settings=\"{&quot;_animation&quot;:&quot;fadeInDown&quot;}\" data-widget_type=\"heading.default\">\n\t\t\t\t<div class=\"elementor-widget-container\">\n\t\t\t\t\t<h2 class=\"elementor-heading-title elementor-size-default\">Para todos os paladares e bolsos<\/h2>\t\t\t\t<\/div>\n\t\t\t\t<\/div>\n\t\t\t\t\t<\/div>\n\t\t<\/div>\n\t\t\t\t<div class=\"elementor-column elementor-col-25 elementor-inner-column elementor-element elementor-element-3a7cfdc3\" data-id=\"3a7cfdc3\" data-element_type=\"column\" data-e-type=\"column\">\n\t\t\t<div class=\"elementor-widget-wrap\">\n\t\t\t\t\t\t\t<\/div>\n\t\t<\/div>\n\t\t\t\t\t<\/div>\n\t\t<\/section>\n\t\t\t\t<section class=\"elementor-section elementor-inner-section elementor-element elementor-element-7e55d807 elementor-section-content-middle elementor-section-boxed elementor-section-height-default elementor-section-height-default\" data-id=\"7e55d807\" data-element_type=\"section\" data-e-type=\"section\">\n\t\t\t\t\t\t<div class=\"elementor-container elementor-column-gap-default\">\n\t\t\t\t\t<div class=\"elementor-column elementor-col-16 elementor-inner-column elementor-element elementor-element-1ff3e762\" data-id=\"1ff3e762\" data-element_type=\"column\" data-e-type=\"column\">\n\t\t\t<div class=\"elementor-widget-wrap\">\n\t\t\t\t\t\t\t<\/div>\n\t\t<\/div>\n\t\t\t\t<div class=\"elementor-column elementor-col-66 elementor-inner-column elementor-element elementor-element-3a11dd99\" data-id=\"3a11dd99\" data-element_type=\"column\" data-e-type=\"column\">\n\t\t\t<div class=\"elementor-widget-wrap elementor-element-populated\">\n\t\t\t\t\t\t<div class=\"elementor-element elementor-element-6c3f8df1 elementor-widget elementor-widget-text-editor\" data-id=\"6c3f8df1\" data-element_type=\"widget\" data-e-type=\"widget\" data-widget_type=\"text-editor.default\">\n\t\t\t\t<div class=\"elementor-widget-container\">\n\t\t\t\t\t\t\t\t\t<p><strong>Del\u00edcias de Sanz\u00e9<\/strong> \u00e9 o palco para os sabores e experi\u00eancias oferecidas pelos estabelecimentos de S\u00e3o Jos\u00e9 do Rio Pardo.<\/p><p>Esse festival gastron\u00f4mico foi criado para valorizar e expandir o setor de alimenta\u00e7\u00e3o local, reunindo restaurantes, bares e lanchonetes da cidade.<\/p><p>Durante a a\u00e7\u00e3o promocional, as empresas participantes oferecem dois pratos com pre\u00e7os bem democr\u00e1ticos e atrativos ao p\u00fablico, <strong>para consumo em seu pr\u00f3prio estabelecimento<\/strong>, <strong>ou para Delivery<\/strong>.<\/p>\t\t\t\t\t\t\t\t<\/div>\n\t\t\t\t<\/div>\n\t\t\t\t\t<\/div>\n\t\t<\/div>\n\t\t\t\t<div class=\"elementor-column elementor-col-16 elementor-inner-column elementor-element elementor-element-12e4b3d4\" data-id=\"12e4b3d4\" data-element_type=\"column\" data-e-type=\"column\">\n\t\t\t<div class=\"elementor-widget-wrap\">\n\t\t\t\t\t\t\t<\/div>\n\t\t<\/div>\n\t\t\t\t\t<\/div>\n\t\t<\/section>\n\t\t\t\t\t<\/div>\n\t\t<\/div>\n\t\t\t\t\t<\/div>\n\t\t<\/section>\n\t\t\t\t<\/div>\n\t\t","protected":false},"excerpt":{"rendered":"<p>Del\u00edcias de Sanz\u00e9 Descubra a ess\u00eancia dos sabores locais no Festival Gastron\u00f4mico Del\u00edcias de Sanz\u00e9. Para todos os paladares e bolsos Del\u00edcias de Sanz\u00e9 \u00e9 o palco para os sabores e experi\u00eancias oferecidas pelos estabelecimentos de S\u00e3o Jos\u00e9 do Rio Pardo. Esse festival gastron\u00f4mico foi criado para valorizar e expandir o setor de alimenta\u00e7\u00e3o local, [&hellip;]<\/p>\n","protected":false},"author":1,"featured_media":0,"parent":0,"menu_order":2,"comment_status":"closed","ping_status":"closed","template":"","meta":{"site-sidebar-layout":"no-sidebar","site-content-layout":"page-builder","ast-site-content-layout":"default","site-content-style":"default","site-sidebar-style":"default","ast-global-header-display":"","ast-banner-title-visibility":"","ast-main-header-display":"","ast-hfb-above-header-display":"","ast-hfb-below-header-display":"","ast-hfb-mobile-header-display":"","site-post-title":"disabled","ast-breadcrumbs-content":"","ast-featured-img":"disabled","footer-sml-layout":"","ast-disable-related-posts":"","theme-transparent-header-meta":"","adv-header-id-meta":"","stick-header-meta":"","header-above-stick-meta":"","header-main-stick-meta":"","header-below-stick-meta":"","astra-migrate-meta-layouts":"default","ast-page-background-enabled":"default","ast-page-background-meta":{"desktop":{"background-color":"","background-image":"","background-repeat":"repeat","background-position":"center center","background-size":"auto","background-attachment":"scroll","background-type":"","background-media":"","overlay-type":"","overlay-color":"","overlay-opacity":"","overlay-gradient":""},"tablet":{"background-color":"","background-image":"","background-repeat":"repeat","background-position":"center center","background-size":"auto","background-attachment":"scroll","background-type":"","background-media":"","overlay-type":"","overlay-color":"","overlay-opacity":"","overlay-gradient":""},"mobile":{"background-color":"","background-image":"","background-repeat":"repeat","background-position":"center center","background-size":"auto","background-attachment":"scroll","background-type":"","background-media":"","overlay-type":"","overlay-color":"","overlay-opacity":"","overlay-gradient":""}},"ast-content-background-meta":{"desktop":{"background-color":"var(--ast-global-color-5)","background-image":"","background-repeat":"repeat","background-position":"center center","background-size":"auto","background-attachment":"scroll","background-type":"","background-media":"","overlay-type":"","overlay-color":"","overlay-opacity":"","overlay-gradient":""},"tablet":{"background-color":"var(--ast-global-color-5)","background-image":"","background-repeat":"repeat","background-position":"center center","background-size":"auto","background-attachment":"scroll","background-type":"","background-media":"","overlay-type":"","overlay-color":"","overlay-opacity":"","overlay-gradient":""},"mobile":{"background-color":"var(--ast-global-color-5)","background-image":"","background-repeat":"repeat","background-position":"center center","background-size":"auto","background-attachment":"scroll","background-type":"","background-media":"","overlay-type":"","overlay-color":"","overlay-opacity":"","overlay-gradient":""}},"footnotes":""},"class_list":["post-569","page","type-page","status-publish","hentry"],"yoast_head":"<!-- This site is optimized with the Yoast SEO plugin v27.3 - https:\/\/yoast.com\/product\/yoast-seo-wordpress\/ -->\n<title>Del\u00edcias de Sanz\u00e9 - Del\u00edcias de Sanz\u00e9<\/title>\n<meta name=\"robots\" content=\"index, follow, max-snippet:-1, max-image-preview:large, max-video-preview:-1\" \/>\n<link rel=\"canonical\" href=\"https:\/\/www.aciriopardo.com.br\/deliciasdesanze\/delicias-de-sanze\/\" \/>\n<meta property=\"og:locale\" content=\"pt_BR\" \/>\n<meta property=\"og:type\" content=\"article\" \/>\n<meta property=\"og:title\" content=\"Del\u00edcias de Sanz\u00e9 - Del\u00edcias de Sanz\u00e9\" \/>\n<meta property=\"og:description\" content=\"Del\u00edcias de Sanz\u00e9 Descubra a ess\u00eancia dos sabores locais no Festival Gastron\u00f4mico Del\u00edcias de Sanz\u00e9. Para todos os paladares e bolsos Del\u00edcias de Sanz\u00e9 \u00e9 o palco para os sabores e experi\u00eancias oferecidas pelos estabelecimentos de S\u00e3o Jos\u00e9 do Rio Pardo. Esse festival gastron\u00f4mico foi criado para valorizar e expandir o setor de alimenta\u00e7\u00e3o local, [&hellip;]\" \/>\n<meta property=\"og:url\" content=\"https:\/\/www.aciriopardo.com.br\/deliciasdesanze\/delicias-de-sanze\/\" \/>\n<meta property=\"og:site_name\" content=\"Del\u00edcias de Sanz\u00e9\" \/>\n<meta property=\"article:modified_time\" content=\"2023-07-07T02:11:10+00:00\" \/>\n<meta name=\"twitter:card\" content=\"summary_large_image\" \/>\n<meta name=\"twitter:label1\" content=\"Est. tempo de leitura\" \/>\n\t<meta name=\"twitter:data1\" content=\"5 minutos\" \/>\n<script type=\"application\/ld+json\" class=\"yoast-schema-graph\">{\"@context\":\"https:\\\/\\\/schema.org\",\"@graph\":[{\"@type\":\"WebPage\",\"@id\":\"https:\\\/\\\/www.aciriopardo.com.br\\\/deliciasdesanze\\\/delicias-de-sanze\\\/\",\"url\":\"https:\\\/\\\/www.aciriopardo.com.br\\\/deliciasdesanze\\\/delicias-de-sanze\\\/\",\"name\":\"Del\u00edcias de Sanz\u00e9 - Del\u00edcias de Sanz\u00e9\",\"isPartOf\":{\"@id\":\"https:\\\/\\\/www.aciriopardo.com.br\\\/deliciasdesanze\\\/#website\"},\"datePublished\":\"2018-10-01T16:10:05+00:00\",\"dateModified\":\"2023-07-07T02:11:10+00:00\",\"breadcrumb\":{\"@id\":\"https:\\\/\\\/www.aciriopardo.com.br\\\/deliciasdesanze\\\/delicias-de-sanze\\\/#breadcrumb\"},\"inLanguage\":\"pt-BR\",\"potentialAction\":[{\"@type\":\"ReadAction\",\"target\":[\"https:\\\/\\\/www.aciriopardo.com.br\\\/deliciasdesanze\\\/delicias-de-sanze\\\/\"]}]},{\"@type\":\"BreadcrumbList\",\"@id\":\"https:\\\/\\\/www.aciriopardo.com.br\\\/deliciasdesanze\\\/delicias-de-sanze\\\/#breadcrumb\",\"itemListElement\":[{\"@type\":\"ListItem\",\"position\":1,\"name\":\"In\u00edcio\",\"item\":\"https:\\\/\\\/www.aciriopardo.com.br\\\/deliciasdesanze\\\/\"},{\"@type\":\"ListItem\",\"position\":2,\"name\":\"Del\u00edcias de Sanz\u00e9\"}]},{\"@type\":\"WebSite\",\"@id\":\"https:\\\/\\\/www.aciriopardo.com.br\\\/deliciasdesanze\\\/#website\",\"url\":\"https:\\\/\\\/www.aciriopardo.com.br\\\/deliciasdesanze\\\/\",\"name\":\"Del\u00edcias de Sanz\u00e9\",\"description\":\"Descubra sabores aut\u00eanticos em S\u00e3o Jos\u00e9 do Rio Pardo. Festival Gastron\u00f4mico Del\u00edcias de Sanz\u00e9: pratos deliciosos, pre\u00e7os atrativos.\",\"publisher\":{\"@id\":\"https:\\\/\\\/www.aciriopardo.com.br\\\/deliciasdesanze\\\/#organization\"},\"potentialAction\":[{\"@type\":\"SearchAction\",\"target\":{\"@type\":\"EntryPoint\",\"urlTemplate\":\"https:\\\/\\\/www.aciriopardo.com.br\\\/deliciasdesanze\\\/?s={search_term_string}\"},\"query-input\":{\"@type\":\"PropertyValueSpecification\",\"valueRequired\":true,\"valueName\":\"search_term_string\"}}],\"inLanguage\":\"pt-BR\"},{\"@type\":\"Organization\",\"@id\":\"https:\\\/\\\/www.aciriopardo.com.br\\\/deliciasdesanze\\\/#organization\",\"name\":\"Del\u00edcias de Sanz\u00e9\",\"url\":\"https:\\\/\\\/www.aciriopardo.com.br\\\/deliciasdesanze\\\/\",\"logo\":{\"@type\":\"ImageObject\",\"inLanguage\":\"pt-BR\",\"@id\":\"https:\\\/\\\/www.aciriopardo.com.br\\\/deliciasdesanze\\\/#\\\/schema\\\/logo\\\/image\\\/\",\"url\":\"https:\\\/\\\/www.aciriopardo.com.br\\\/deliciasdesanze\\\/wp-content\\\/uploads\\\/2023\\\/07\\\/logo.png\",\"contentUrl\":\"https:\\\/\\\/www.aciriopardo.com.br\\\/deliciasdesanze\\\/wp-content\\\/uploads\\\/2023\\\/07\\\/logo.png\",\"width\":1163,\"height\":1449,\"caption\":\"Del\u00edcias de Sanz\u00e9\"},\"image\":{\"@id\":\"https:\\\/\\\/www.aciriopardo.com.br\\\/deliciasdesanze\\\/#\\\/schema\\\/logo\\\/image\\\/\"}}]}<\/script>\n<!-- \/ Yoast SEO plugin. -->","yoast_head_json":{"title":"Del\u00edcias de Sanz\u00e9 - Del\u00edcias de Sanz\u00e9","robots":{"index":"index","follow":"follow","max-snippet":"max-snippet:-1","max-image-preview":"max-image-preview:large","max-video-preview":"max-video-preview:-1"},"canonical":"https:\/\/www.aciriopardo.com.br\/deliciasdesanze\/delicias-de-sanze\/","og_locale":"pt_BR","og_type":"article","og_title":"Del\u00edcias de Sanz\u00e9 - Del\u00edcias de Sanz\u00e9","og_description":"Del\u00edcias de Sanz\u00e9 Descubra a ess\u00eancia dos sabores locais no Festival Gastron\u00f4mico Del\u00edcias de Sanz\u00e9. Para todos os paladares e bolsos Del\u00edcias de Sanz\u00e9 \u00e9 o palco para os sabores e experi\u00eancias oferecidas pelos estabelecimentos de S\u00e3o Jos\u00e9 do Rio Pardo. Esse festival gastron\u00f4mico foi criado para valorizar e expandir o setor de alimenta\u00e7\u00e3o local, [&hellip;]","og_url":"https:\/\/www.aciriopardo.com.br\/deliciasdesanze\/delicias-de-sanze\/","og_site_name":"Del\u00edcias de Sanz\u00e9","article_modified_time":"2023-07-07T02:11:10+00:00","twitter_card":"summary_large_image","twitter_misc":{"Est. tempo de leitura":"5 minutos"},"schema":{"@context":"https:\/\/schema.org","@graph":[{"@type":"WebPage","@id":"https:\/\/www.aciriopardo.com.br\/deliciasdesanze\/delicias-de-sanze\/","url":"https:\/\/www.aciriopardo.com.br\/deliciasdesanze\/delicias-de-sanze\/","name":"Del\u00edcias de Sanz\u00e9 - Del\u00edcias de Sanz\u00e9","isPartOf":{"@id":"https:\/\/www.aciriopardo.com.br\/deliciasdesanze\/#website"},"datePublished":"2018-10-01T16:10:05+00:00","dateModified":"2023-07-07T02:11:10+00:00","breadcrumb":{"@id":"https:\/\/www.aciriopardo.com.br\/deliciasdesanze\/delicias-de-sanze\/#breadcrumb"},"inLanguage":"pt-BR","potentialAction":[{"@type":"ReadAction","target":["https:\/\/www.aciriopardo.com.br\/deliciasdesanze\/delicias-de-sanze\/"]}]},{"@type":"BreadcrumbList","@id":"https:\/\/www.aciriopardo.com.br\/deliciasdesanze\/delicias-de-sanze\/#breadcrumb","itemListElement":[{"@type":"ListItem","position":1,"name":"In\u00edcio","item":"https:\/\/www.aciriopardo.com.br\/deliciasdesanze\/"},{"@type":"ListItem","position":2,"name":"Del\u00edcias de Sanz\u00e9"}]},{"@type":"WebSite","@id":"https:\/\/www.aciriopardo.com.br\/deliciasdesanze\/#website","url":"https:\/\/www.aciriopardo.com.br\/deliciasdesanze\/","name":"Del\u00edcias de Sanz\u00e9","description":"Descubra sabores aut\u00eanticos em S\u00e3o Jos\u00e9 do Rio Pardo. Festival Gastron\u00f4mico Del\u00edcias de Sanz\u00e9: pratos deliciosos, pre\u00e7os atrativos.","publisher":{"@id":"https:\/\/www.aciriopardo.com.br\/deliciasdesanze\/#organization"},"potentialAction":[{"@type":"SearchAction","target":{"@type":"EntryPoint","urlTemplate":"https:\/\/www.aciriopardo.com.br\/deliciasdesanze\/?s={search_term_string}"},"query-input":{"@type":"PropertyValueSpecification","valueRequired":true,"valueName":"search_term_string"}}],"inLanguage":"pt-BR"},{"@type":"Organization","@id":"https:\/\/www.aciriopardo.com.br\/deliciasdesanze\/#organization","name":"Del\u00edcias de Sanz\u00e9","url":"https:\/\/www.aciriopardo.com.br\/deliciasdesanze\/","logo":{"@type":"ImageObject","inLanguage":"pt-BR","@id":"https:\/\/www.aciriopardo.com.br\/deliciasdesanze\/#\/schema\/logo\/image\/","url":"https:\/\/www.aciriopardo.com.br\/deliciasdesanze\/wp-content\/uploads\/2023\/07\/logo.png","contentUrl":"https:\/\/www.aciriopardo.com.br\/deliciasdesanze\/wp-content\/uploads\/2023\/07\/logo.png","width":1163,"height":1449,"caption":"Del\u00edcias de Sanz\u00e9"},"image":{"@id":"https:\/\/www.aciriopardo.com.br\/deliciasdesanze\/#\/schema\/logo\/image\/"}}]}},"_links":{"self":[{"href":"https:\/\/www.aciriopardo.com.br\/deliciasdesanze\/wp-json\/wp\/v2\/pages\/569","targetHints":{"allow":["GET"]}}],"collection":[{"href":"https:\/\/www.aciriopardo.com.br\/deliciasdesanze\/wp-json\/wp\/v2\/pages"}],"about":[{"href":"https:\/\/www.aciriopardo.com.br\/deliciasdesanze\/wp-json\/wp\/v2\/types\/page"}],"author":[{"embeddable":true,"href":"https:\/\/www.aciriopardo.com.br\/deliciasdesanze\/wp-json\/wp\/v2\/users\/1"}],"replies":[{"embeddable":true,"href":"https:\/\/www.aciriopardo.com.br\/deliciasdesanze\/wp-json\/wp\/v2\/comments?post=569"}],"version-history":[{"count":29,"href":"https:\/\/www.aciriopardo.com.br\/deliciasdesanze\/wp-json\/wp\/v2\/pages\/569\/revisions"}],"predecessor-version":[{"id":1656,"href":"https:\/\/www.aciriopardo.com.br\/deliciasdesanze\/wp-json\/wp\/v2\/pages\/569\/revisions\/1656"}],"wp:attachment":[{"href":"https:\/\/www.aciriopardo.com.br\/deliciasdesanze\/wp-json\/wp\/v2\/media?parent=569"}],"curies":[{"name":"wp","href":"https:\/\/api.w.org\/{rel}","templated":true}]}}