{"id":571,"date":"2018-10-01T13:10:34","date_gmt":"2018-10-01T16:10:34","guid":{"rendered":"https:\/\/www.aciriopardo.com.br\/deliciasdesanze\/index.php\/contact-us\/"},"modified":"2023-07-07T08:31:22","modified_gmt":"2023-07-07T11:31:22","slug":"contato","status":"publish","type":"page","link":"https:\/\/www.aciriopardo.com.br\/deliciasdesanze\/contato\/","title":{"rendered":"Contato"},"content":{"rendered":"\t\t<div data-elementor-type=\"wp-post\" data-elementor-id=\"571\" class=\"elementor elementor-571\" data-elementor-post-type=\"page\">\n\t\t\t\t\t\t<section class=\"elementor-section elementor-top-section elementor-element elementor-element-aae1653 elementor-section-boxed elementor-section-height-default elementor-section-height-default\" data-id=\"aae1653\" data-element_type=\"section\" data-e-type=\"section\" data-settings=\"{&quot;background_background&quot;:&quot;classic&quot;}\">\n\t\t\t\t\t\t<div class=\"elementor-container elementor-column-gap-no\">\n\t\t\t\t\t<div class=\"elementor-column elementor-col-100 elementor-top-column elementor-element elementor-element-5f73514a\" data-id=\"5f73514a\" data-element_type=\"column\" data-e-type=\"column\">\n\t\t\t<div class=\"elementor-widget-wrap elementor-element-populated\">\n\t\t\t\t\t\t<section class=\"elementor-section elementor-inner-section elementor-element elementor-element-16c5b7e elementor-section-boxed elementor-section-height-default elementor-section-height-default\" data-id=\"16c5b7e\" data-element_type=\"section\" data-e-type=\"section\">\n\t\t\t\t\t\t<div class=\"elementor-container elementor-column-gap-default\">\n\t\t\t\t\t<div class=\"elementor-column elementor-col-25 elementor-inner-column elementor-element elementor-element-2bde056\" data-id=\"2bde056\" data-element_type=\"column\" data-e-type=\"column\">\n\t\t\t<div class=\"elementor-widget-wrap\">\n\t\t\t\t\t\t\t<\/div>\n\t\t<\/div>\n\t\t\t\t<div class=\"elementor-column elementor-col-50 elementor-inner-column elementor-element elementor-element-9dd2b52\" data-id=\"9dd2b52\" data-element_type=\"column\" data-e-type=\"column\">\n\t\t\t<div class=\"elementor-widget-wrap elementor-element-populated\">\n\t\t\t\t\t\t<div class=\"elementor-element elementor-element-3dbd295 elementor-invisible elementor-widget elementor-widget-heading\" data-id=\"3dbd295\" data-element_type=\"widget\" data-e-type=\"widget\" data-settings=\"{&quot;_animation&quot;:&quot;fadeInDown&quot;}\" data-widget_type=\"heading.default\">\n\t\t\t\t<div class=\"elementor-widget-container\">\n\t\t\t\t\t<h1 class=\"elementor-heading-title elementor-size-default\">Entre em contato conosco<\/h1>\t\t\t\t<\/div>\n\t\t\t\t<\/div>\n\t\t\t\t<div class=\"elementor-element elementor-element-0a9e1bd elementor-widget elementor-widget-text-editor\" data-id=\"0a9e1bd\" data-element_type=\"widget\" data-e-type=\"widget\" data-widget_type=\"text-editor.default\">\n\t\t\t\t<div class=\"elementor-widget-container\">\n\t\t\t\t\t\t\t\t\t<p>Estamos ansiosos para ouvir voc\u00ea! Entre em contato para tirar d\u00favidas, fazer sugest\u00f5es. Nossa equipe ter\u00e1 o prazer de atend\u00ea-lo.<\/p>\t\t\t\t\t\t\t\t<\/div>\n\t\t\t\t<\/div>\n\t\t\t\t\t<\/div>\n\t\t<\/div>\n\t\t\t\t<div class=\"elementor-column elementor-col-25 elementor-inner-column elementor-element elementor-element-7d1cbe6\" data-id=\"7d1cbe6\" data-element_type=\"column\" data-e-type=\"column\">\n\t\t\t<div class=\"elementor-widget-wrap\">\n\t\t\t\t\t\t\t<\/div>\n\t\t<\/div>\n\t\t\t\t\t<\/div>\n\t\t<\/section>\n\t\t\t\t<section class=\"elementor-section elementor-inner-section elementor-element elementor-element-1b972dc elementor-section-boxed elementor-section-height-default elementor-section-height-default\" data-id=\"1b972dc\" data-element_type=\"section\" data-e-type=\"section\">\n\t\t\t\t\t\t<div class=\"elementor-container elementor-column-gap-wider\">\n\t\t\t\t\t<div class=\"elementor-column elementor-col-100 elementor-inner-column elementor-element elementor-element-f8e3073\" data-id=\"f8e3073\" data-element_type=\"column\" data-e-type=\"column\">\n\t\t\t<div class=\"elementor-widget-wrap elementor-element-populated\">\n\t\t\t\t\t\t<div class=\"elementor-element elementor-element-a7d2ea4 elementor-widget elementor-widget-shortcode\" data-id=\"a7d2ea4\" data-element_type=\"widget\" data-e-type=\"widget\" data-widget_type=\"shortcode.default\">\n\t\t\t\t<div class=\"elementor-widget-container\">\n\t\t\t\t\t\t\t<div class=\"elementor-shortcode\"><div class=\"wpforms-container \" id=\"wpforms-12\"><form id=\"wpforms-form-12\" class=\"wpforms-validate wpforms-form\" data-formid=\"12\" method=\"post\" enctype=\"multipart\/form-data\" action=\"\/deliciasdesanze\/wp-json\/wp\/v2\/pages\/571\" data-token=\"36b31f2e70c284817482f601226d41c7\" data-token-time=\"1778749776\"><noscript class=\"wpforms-error-noscript\">Ative o JavaScript no seu navegador para preencher este formul\u00e1rio.<\/noscript><div class=\"wpforms-field-container\"><div id=\"wpforms-12-field_0-container\" class=\"wpforms-field wpforms-field-name\" data-field-id=\"0\"><label class=\"wpforms-field-label wpforms-label-hide\" for=\"wpforms-12-field_0\">Nome <span class=\"wpforms-required-label\">*<\/span><\/label><input type=\"text\" id=\"wpforms-12-field_0\" class=\"wpforms-field-large wpforms-field-required\" name=\"wpforms[fields][0]\" placeholder=\"Nome\" required><\/div><div id=\"wpforms-12-field_1-container\" class=\"wpforms-field wpforms-field-email\" data-field-id=\"1\"><label class=\"wpforms-field-label wpforms-label-hide\" for=\"wpforms-12-field_1\">E-mail <span class=\"wpforms-required-label\">*<\/span><\/label><input type=\"email\" id=\"wpforms-12-field_1\" class=\"wpforms-field-large wpforms-field-required\" name=\"wpforms[fields][1]\" placeholder=\"E-mail\" spellcheck=\"false\" required><\/div><div id=\"wpforms-12-field_4-container\" class=\"wpforms-field wpforms-field-number\" data-field-id=\"4\"><label class=\"wpforms-field-label wpforms-label-hide\" for=\"wpforms-12-field_4\">Telefone <span class=\"wpforms-required-label\">*<\/span><\/label><input type=\"number\" id=\"wpforms-12-field_4\" class=\"wpforms-field-large wpforms-field-required\" name=\"wpforms[fields][4]\" placeholder=\"Telefone\" step=\"any\" required><\/div><div id=\"wpforms-12-field_2-container\" class=\"wpforms-field wpforms-field-textarea\" data-field-id=\"2\"><label class=\"wpforms-field-label wpforms-label-hide\" for=\"wpforms-12-field_2\">Mensagem <span class=\"wpforms-required-label\">*<\/span><\/label><textarea id=\"wpforms-12-field_2\" class=\"wpforms-field-large wpforms-field-required\" name=\"wpforms[fields][2]\" placeholder=\"Mensagem\" required><\/textarea><\/div><\/div><!-- .wpforms-field-container --><div class=\"wpforms-field wpforms-field-hp\"><label for=\"wpforms-12-field-hp\" class=\"wpforms-field-label\">Website<\/label><input type=\"text\" name=\"wpforms[hp]\" id=\"wpforms-12-field-hp\" class=\"wpforms-field-medium\"><\/div><div class=\"wpforms-recaptcha-container wpforms-is-recaptcha wpforms-is-recaptcha-type-v3\" ><input type=\"hidden\" name=\"wpforms[recaptcha]\" value=\"\"><\/div><div class=\"wpforms-submit-container\" ><input type=\"hidden\" name=\"wpforms[id]\" value=\"12\"><input type=\"hidden\" name=\"page_title\" value=\"\"><input type=\"hidden\" name=\"page_url\" value=\"https:\/\/www.aciriopardo.com.br\/deliciasdesanze\/wp-json\/wp\/v2\/pages\/571\"><input type=\"hidden\" name=\"url_referer\" value=\"\"><button type=\"submit\" name=\"wpforms[submit]\" id=\"wpforms-submit-12\" class=\"wpforms-submit\" data-alt-text=\"Enviando...\" data-submit-text=\"Enviar\" aria-live=\"assertive\" value=\"wpforms-submit\">Enviar<\/button><\/div><\/form><\/div>  <!-- .wpforms-container --><\/div>\n\t\t\t\t\t\t<\/div>\n\t\t\t\t<\/div>\n\t\t\t\t<div class=\"elementor-element elementor-element-17a0343 elementor-widget elementor-widget-text-editor\" data-id=\"17a0343\" data-element_type=\"widget\" data-e-type=\"widget\" data-widget_type=\"text-editor.default\">\n\t\t\t\t<div class=\"elementor-widget-container\">\n\t\t\t\t\t\t\t\t\t<p>Este site \u00e9 protegido pelo reCAPTCHA e pelo Google, aplicando as seguintes <a href=\"https:\/\/policies.google.com\/privacy\" target=\"_blank\" rel=\"noopener\">Pol\u00edticas de Seguran\u00e7a<\/a> e <a href=\"https:\/\/policies.google.com\/terms\" target=\"_blank\" rel=\"noopener\">Termos de Servi\u00e7o<\/a>.<\/p>\t\t\t\t\t\t\t\t<\/div>\n\t\t\t\t<\/div>\n\t\t\t\t\t<\/div>\n\t\t<\/div>\n\t\t\t\t\t<\/div>\n\t\t<\/section>\n\t\t\t\t\t<\/div>\n\t\t<\/div>\n\t\t\t\t\t<\/div>\n\t\t<\/section>\n\t\t\t\t<\/div>\n\t\t","protected":false},"excerpt":{"rendered":"<p>Entre em contato conosco Estamos ansiosos para ouvir voc\u00ea! Entre em contato para tirar d\u00favidas, fazer sugest\u00f5es. Nossa equipe ter\u00e1 o prazer de atend\u00ea-lo. Este site \u00e9 protegido pelo reCAPTCHA e pelo Google, aplicando as seguintes Pol\u00edticas de Seguran\u00e7a e Termos de Servi\u00e7o.<\/p>\n","protected":false},"author":1,"featured_media":1863,"parent":0,"menu_order":3,"comment_status":"closed","ping_status":"closed","template":"","meta":{"site-sidebar-layout":"no-sidebar","site-content-layout":"page-builder","ast-site-content-layout":"default","site-content-style":"default","site-sidebar-style":"default","ast-global-header-display":"","ast-banner-title-visibility":"","ast-main-header-display":"","ast-hfb-above-header-display":"","ast-hfb-below-header-display":"","ast-hfb-mobile-header-display":"","site-post-title":"disabled","ast-breadcrumbs-content":"","ast-featured-img":"disabled","footer-sml-layout":"","ast-disable-related-posts":"","theme-transparent-header-meta":"","adv-header-id-meta":"","stick-header-meta":"","header-above-stick-meta":"","header-main-stick-meta":"","header-below-stick-meta":"","astra-migrate-meta-layouts":"default","ast-page-background-enabled":"default","ast-page-background-meta":{"desktop":{"background-color":"","background-image":"","background-repeat":"repeat","background-position":"center center","background-size":"auto","background-attachment":"scroll","background-type":"","background-media":"","overlay-type":"","overlay-color":"","overlay-opacity":"","overlay-gradient":""},"tablet":{"background-color":"","background-image":"","background-repeat":"repeat","background-position":"center center","background-size":"auto","background-attachment":"scroll","background-type":"","background-media":"","overlay-type":"","overlay-color":"","overlay-opacity":"","overlay-gradient":""},"mobile":{"background-color":"","background-image":"","background-repeat":"repeat","background-position":"center center","background-size":"auto","background-attachment":"scroll","background-type":"","background-media":"","overlay-type":"","overlay-color":"","overlay-opacity":"","overlay-gradient":""}},"ast-content-background-meta":{"desktop":{"background-color":"var(--ast-global-color-5)","background-image":"","background-repeat":"repeat","background-position":"center center","background-size":"auto","background-attachment":"scroll","background-type":"","background-media":"","overlay-type":"","overlay-color":"","overlay-opacity":"","overlay-gradient":""},"tablet":{"background-color":"var(--ast-global-color-5)","background-image":"","background-repeat":"repeat","background-position":"center center","background-size":"auto","background-attachment":"scroll","background-type":"","background-media":"","overlay-type":"","overlay-color":"","overlay-opacity":"","overlay-gradient":""},"mobile":{"background-color":"var(--ast-global-color-5)","background-image":"","background-repeat":"repeat","background-position":"center center","background-size":"auto","background-attachment":"scroll","background-type":"","background-media":"","overlay-type":"","overlay-color":"","overlay-opacity":"","overlay-gradient":""}},"footnotes":""},"class_list":["post-571","page","type-page","status-publish","has-post-thumbnail","hentry"],"yoast_head":"<!-- This site is optimized with the Yoast SEO plugin v27.3 - https:\/\/yoast.com\/product\/yoast-seo-wordpress\/ -->\n<title>Contato - Del\u00edcias de Sanz\u00e9<\/title>\n<meta name=\"description\" content=\"Entre em contato conosco para tirar d\u00favidas, fazer sugest\u00f5es ou reservar sua experi\u00eancia gastron\u00f4mica no Festival Del\u00edcias de Sanz\u00e9.\" \/>\n<meta name=\"robots\" content=\"index, follow, max-snippet:-1, max-image-preview:large, max-video-preview:-1\" \/>\n<link rel=\"canonical\" href=\"https:\/\/www.aciriopardo.com.br\/deliciasdesanze\/contato\/\" \/>\n<meta property=\"og:locale\" content=\"pt_BR\" \/>\n<meta property=\"og:type\" content=\"article\" \/>\n<meta property=\"og:title\" content=\"Contato - Del\u00edcias de Sanz\u00e9\" \/>\n<meta property=\"og:description\" content=\"Entre em contato conosco para tirar d\u00favidas, fazer sugest\u00f5es ou reservar sua experi\u00eancia gastron\u00f4mica no Festival Del\u00edcias de Sanz\u00e9.\" \/>\n<meta property=\"og:url\" content=\"https:\/\/www.aciriopardo.com.br\/deliciasdesanze\/contato\/\" \/>\n<meta property=\"og:site_name\" content=\"Del\u00edcias de Sanz\u00e9\" \/>\n<meta property=\"article:modified_time\" content=\"2023-07-07T11:31:22+00:00\" \/>\n<meta property=\"og:image\" content=\"https:\/\/www.aciriopardo.com.br\/deliciasdesanze\/wp-content\/uploads\/2023\/07\/contato.jpg\" \/>\n\t<meta property=\"og:image:width\" content=\"1920\" \/>\n\t<meta property=\"og:image:height\" content=\"1280\" \/>\n\t<meta property=\"og:image:type\" content=\"image\/jpeg\" \/>\n<meta name=\"twitter:card\" content=\"summary_large_image\" \/>\n<meta name=\"twitter:label1\" content=\"Est. tempo de leitura\" \/>\n\t<meta name=\"twitter:data1\" content=\"1 minuto\" \/>\n<script type=\"application\/ld+json\" class=\"yoast-schema-graph\">{\"@context\":\"https:\\\/\\\/schema.org\",\"@graph\":[{\"@type\":\"WebPage\",\"@id\":\"https:\\\/\\\/www.aciriopardo.com.br\\\/deliciasdesanze\\\/contato\\\/\",\"url\":\"https:\\\/\\\/www.aciriopardo.com.br\\\/deliciasdesanze\\\/contato\\\/\",\"name\":\"Contato - Del\u00edcias de Sanz\u00e9\",\"isPartOf\":{\"@id\":\"https:\\\/\\\/www.aciriopardo.com.br\\\/deliciasdesanze\\\/#website\"},\"primaryImageOfPage\":{\"@id\":\"https:\\\/\\\/www.aciriopardo.com.br\\\/deliciasdesanze\\\/contato\\\/#primaryimage\"},\"image\":{\"@id\":\"https:\\\/\\\/www.aciriopardo.com.br\\\/deliciasdesanze\\\/contato\\\/#primaryimage\"},\"thumbnailUrl\":\"https:\\\/\\\/www.aciriopardo.com.br\\\/deliciasdesanze\\\/wp-content\\\/uploads\\\/2023\\\/07\\\/contato.jpg\",\"datePublished\":\"2018-10-01T16:10:34+00:00\",\"dateModified\":\"2023-07-07T11:31:22+00:00\",\"description\":\"Entre em contato conosco para tirar d\u00favidas, fazer sugest\u00f5es ou reservar sua experi\u00eancia gastron\u00f4mica no Festival Del\u00edcias de Sanz\u00e9.\",\"breadcrumb\":{\"@id\":\"https:\\\/\\\/www.aciriopardo.com.br\\\/deliciasdesanze\\\/contato\\\/#breadcrumb\"},\"inLanguage\":\"pt-BR\",\"potentialAction\":[{\"@type\":\"ReadAction\",\"target\":[\"https:\\\/\\\/www.aciriopardo.com.br\\\/deliciasdesanze\\\/contato\\\/\"]}]},{\"@type\":\"ImageObject\",\"inLanguage\":\"pt-BR\",\"@id\":\"https:\\\/\\\/www.aciriopardo.com.br\\\/deliciasdesanze\\\/contato\\\/#primaryimage\",\"url\":\"https:\\\/\\\/www.aciriopardo.com.br\\\/deliciasdesanze\\\/wp-content\\\/uploads\\\/2023\\\/07\\\/contato.jpg\",\"contentUrl\":\"https:\\\/\\\/www.aciriopardo.com.br\\\/deliciasdesanze\\\/wp-content\\\/uploads\\\/2023\\\/07\\\/contato.jpg\",\"width\":1920,\"height\":1280},{\"@type\":\"BreadcrumbList\",\"@id\":\"https:\\\/\\\/www.aciriopardo.com.br\\\/deliciasdesanze\\\/contato\\\/#breadcrumb\",\"itemListElement\":[{\"@type\":\"ListItem\",\"position\":1,\"name\":\"In\u00edcio\",\"item\":\"https:\\\/\\\/www.aciriopardo.com.br\\\/deliciasdesanze\\\/\"},{\"@type\":\"ListItem\",\"position\":2,\"name\":\"Contato\"}]},{\"@type\":\"WebSite\",\"@id\":\"https:\\\/\\\/www.aciriopardo.com.br\\\/deliciasdesanze\\\/#website\",\"url\":\"https:\\\/\\\/www.aciriopardo.com.br\\\/deliciasdesanze\\\/\",\"name\":\"Del\u00edcias de Sanz\u00e9\",\"description\":\"Descubra sabores aut\u00eanticos em S\u00e3o Jos\u00e9 do Rio Pardo. Festival Gastron\u00f4mico Del\u00edcias de Sanz\u00e9: pratos deliciosos, pre\u00e7os atrativos.\",\"publisher\":{\"@id\":\"https:\\\/\\\/www.aciriopardo.com.br\\\/deliciasdesanze\\\/#organization\"},\"potentialAction\":[{\"@type\":\"SearchAction\",\"target\":{\"@type\":\"EntryPoint\",\"urlTemplate\":\"https:\\\/\\\/www.aciriopardo.com.br\\\/deliciasdesanze\\\/?s={search_term_string}\"},\"query-input\":{\"@type\":\"PropertyValueSpecification\",\"valueRequired\":true,\"valueName\":\"search_term_string\"}}],\"inLanguage\":\"pt-BR\"},{\"@type\":\"Organization\",\"@id\":\"https:\\\/\\\/www.aciriopardo.com.br\\\/deliciasdesanze\\\/#organization\",\"name\":\"Del\u00edcias de Sanz\u00e9\",\"url\":\"https:\\\/\\\/www.aciriopardo.com.br\\\/deliciasdesanze\\\/\",\"logo\":{\"@type\":\"ImageObject\",\"inLanguage\":\"pt-BR\",\"@id\":\"https:\\\/\\\/www.aciriopardo.com.br\\\/deliciasdesanze\\\/#\\\/schema\\\/logo\\\/image\\\/\",\"url\":\"https:\\\/\\\/www.aciriopardo.com.br\\\/deliciasdesanze\\\/wp-content\\\/uploads\\\/2023\\\/07\\\/logo.png\",\"contentUrl\":\"https:\\\/\\\/www.aciriopardo.com.br\\\/deliciasdesanze\\\/wp-content\\\/uploads\\\/2023\\\/07\\\/logo.png\",\"width\":1163,\"height\":1449,\"caption\":\"Del\u00edcias de Sanz\u00e9\"},\"image\":{\"@id\":\"https:\\\/\\\/www.aciriopardo.com.br\\\/deliciasdesanze\\\/#\\\/schema\\\/logo\\\/image\\\/\"}}]}<\/script>\n<!-- \/ Yoast SEO plugin. -->","yoast_head_json":{"title":"Contato - Del\u00edcias de Sanz\u00e9","description":"Entre em contato conosco para tirar d\u00favidas, fazer sugest\u00f5es ou reservar sua experi\u00eancia gastron\u00f4mica no Festival Del\u00edcias de Sanz\u00e9.","robots":{"index":"index","follow":"follow","max-snippet":"max-snippet:-1","max-image-preview":"max-image-preview:large","max-video-preview":"max-video-preview:-1"},"canonical":"https:\/\/www.aciriopardo.com.br\/deliciasdesanze\/contato\/","og_locale":"pt_BR","og_type":"article","og_title":"Contato - Del\u00edcias de Sanz\u00e9","og_description":"Entre em contato conosco para tirar d\u00favidas, fazer sugest\u00f5es ou reservar sua experi\u00eancia gastron\u00f4mica no Festival Del\u00edcias de Sanz\u00e9.","og_url":"https:\/\/www.aciriopardo.com.br\/deliciasdesanze\/contato\/","og_site_name":"Del\u00edcias de Sanz\u00e9","article_modified_time":"2023-07-07T11:31:22+00:00","og_image":[{"width":1920,"height":1280,"url":"https:\/\/www.aciriopardo.com.br\/deliciasdesanze\/wp-content\/uploads\/2023\/07\/contato.jpg","type":"image\/jpeg"}],"twitter_card":"summary_large_image","twitter_misc":{"Est. tempo de leitura":"1 minuto"},"schema":{"@context":"https:\/\/schema.org","@graph":[{"@type":"WebPage","@id":"https:\/\/www.aciriopardo.com.br\/deliciasdesanze\/contato\/","url":"https:\/\/www.aciriopardo.com.br\/deliciasdesanze\/contato\/","name":"Contato - Del\u00edcias de Sanz\u00e9","isPartOf":{"@id":"https:\/\/www.aciriopardo.com.br\/deliciasdesanze\/#website"},"primaryImageOfPage":{"@id":"https:\/\/www.aciriopardo.com.br\/deliciasdesanze\/contato\/#primaryimage"},"image":{"@id":"https:\/\/www.aciriopardo.com.br\/deliciasdesanze\/contato\/#primaryimage"},"thumbnailUrl":"https:\/\/www.aciriopardo.com.br\/deliciasdesanze\/wp-content\/uploads\/2023\/07\/contato.jpg","datePublished":"2018-10-01T16:10:34+00:00","dateModified":"2023-07-07T11:31:22+00:00","description":"Entre em contato conosco para tirar d\u00favidas, fazer sugest\u00f5es ou reservar sua experi\u00eancia gastron\u00f4mica no Festival Del\u00edcias de Sanz\u00e9.","breadcrumb":{"@id":"https:\/\/www.aciriopardo.com.br\/deliciasdesanze\/contato\/#breadcrumb"},"inLanguage":"pt-BR","potentialAction":[{"@type":"ReadAction","target":["https:\/\/www.aciriopardo.com.br\/deliciasdesanze\/contato\/"]}]},{"@type":"ImageObject","inLanguage":"pt-BR","@id":"https:\/\/www.aciriopardo.com.br\/deliciasdesanze\/contato\/#primaryimage","url":"https:\/\/www.aciriopardo.com.br\/deliciasdesanze\/wp-content\/uploads\/2023\/07\/contato.jpg","contentUrl":"https:\/\/www.aciriopardo.com.br\/deliciasdesanze\/wp-content\/uploads\/2023\/07\/contato.jpg","width":1920,"height":1280},{"@type":"BreadcrumbList","@id":"https:\/\/www.aciriopardo.com.br\/deliciasdesanze\/contato\/#breadcrumb","itemListElement":[{"@type":"ListItem","position":1,"name":"In\u00edcio","item":"https:\/\/www.aciriopardo.com.br\/deliciasdesanze\/"},{"@type":"ListItem","position":2,"name":"Contato"}]},{"@type":"WebSite","@id":"https:\/\/www.aciriopardo.com.br\/deliciasdesanze\/#website","url":"https:\/\/www.aciriopardo.com.br\/deliciasdesanze\/","name":"Del\u00edcias de Sanz\u00e9","description":"Descubra sabores aut\u00eanticos em S\u00e3o Jos\u00e9 do Rio Pardo. Festival Gastron\u00f4mico Del\u00edcias de Sanz\u00e9: pratos deliciosos, pre\u00e7os atrativos.","publisher":{"@id":"https:\/\/www.aciriopardo.com.br\/deliciasdesanze\/#organization"},"potentialAction":[{"@type":"SearchAction","target":{"@type":"EntryPoint","urlTemplate":"https:\/\/www.aciriopardo.com.br\/deliciasdesanze\/?s={search_term_string}"},"query-input":{"@type":"PropertyValueSpecification","valueRequired":true,"valueName":"search_term_string"}}],"inLanguage":"pt-BR"},{"@type":"Organization","@id":"https:\/\/www.aciriopardo.com.br\/deliciasdesanze\/#organization","name":"Del\u00edcias de Sanz\u00e9","url":"https:\/\/www.aciriopardo.com.br\/deliciasdesanze\/","logo":{"@type":"ImageObject","inLanguage":"pt-BR","@id":"https:\/\/www.aciriopardo.com.br\/deliciasdesanze\/#\/schema\/logo\/image\/","url":"https:\/\/www.aciriopardo.com.br\/deliciasdesanze\/wp-content\/uploads\/2023\/07\/logo.png","contentUrl":"https:\/\/www.aciriopardo.com.br\/deliciasdesanze\/wp-content\/uploads\/2023\/07\/logo.png","width":1163,"height":1449,"caption":"Del\u00edcias de Sanz\u00e9"},"image":{"@id":"https:\/\/www.aciriopardo.com.br\/deliciasdesanze\/#\/schema\/logo\/image\/"}}]}},"_links":{"self":[{"href":"https:\/\/www.aciriopardo.com.br\/deliciasdesanze\/wp-json\/wp\/v2\/pages\/571","targetHints":{"allow":["GET"]}}],"collection":[{"href":"https:\/\/www.aciriopardo.com.br\/deliciasdesanze\/wp-json\/wp\/v2\/pages"}],"about":[{"href":"https:\/\/www.aciriopardo.com.br\/deliciasdesanze\/wp-json\/wp\/v2\/types\/page"}],"author":[{"embeddable":true,"href":"https:\/\/www.aciriopardo.com.br\/deliciasdesanze\/wp-json\/wp\/v2\/users\/1"}],"replies":[{"embeddable":true,"href":"https:\/\/www.aciriopardo.com.br\/deliciasdesanze\/wp-json\/wp\/v2\/comments?post=571"}],"version-history":[{"count":21,"href":"https:\/\/www.aciriopardo.com.br\/deliciasdesanze\/wp-json\/wp\/v2\/pages\/571\/revisions"}],"predecessor-version":[{"id":1864,"href":"https:\/\/www.aciriopardo.com.br\/deliciasdesanze\/wp-json\/wp\/v2\/pages\/571\/revisions\/1864"}],"wp:featuredmedia":[{"embeddable":true,"href":"https:\/\/www.aciriopardo.com.br\/deliciasdesanze\/wp-json\/wp\/v2\/media\/1863"}],"wp:attachment":[{"href":"https:\/\/www.aciriopardo.com.br\/deliciasdesanze\/wp-json\/wp\/v2\/media?parent=571"}],"curies":[{"name":"wp","href":"https:\/\/api.w.org\/{rel}","templated":true}]}}